{"id":858,"date":"2022-10-16T22:36:26","date_gmt":"2022-10-16T22:36:26","guid":{"rendered":"https:\/\/hk-finanz.hu\/?page_id=858"},"modified":"2022-11-02T15:11:12","modified_gmt":"2022-11-02T15:11:12","slug":"cegeknek","status":"publish","type":"page","link":"https:\/\/hk-finanz.hu\/de\/cegeknek\/","title":{"rendered":""},"content":{"rendered":"<div data-elementor-type=\"wp-page\" data-elementor-id=\"858\" class=\"elementor elementor-858\" data-elementor-post-type=\"page\">\n\t\t\t\t\t\t<section class=\"elementor-section elementor-top-section elementor-element elementor-element-193678c elementor-section-boxed elementor-section-height-default elementor-section-height-default\" data-id=\"193678c\" data-element_type=\"section\" data-e-type=\"section\">\n\t\t\t\t\t\t<div class=\"elementor-container elementor-column-gap-default\">\n\t\t\t\t\t<div class=\"elementor-column elementor-col-100 elementor-top-column elementor-element elementor-element-71c66f0\" data-id=\"71c66f0\" data-element_type=\"column\" data-e-type=\"column\">\n\t\t\t<div class=\"elementor-widget-wrap elementor-element-populated\">\n\t\t\t\t\t\t<div class=\"elementor-element elementor-element-fe4dcf7 elementor-widget elementor-widget-heading\" data-id=\"fe4dcf7\" data-element_type=\"widget\" data-e-type=\"widget\" data-widget_type=\"heading.default\">\n\t\t\t\t<div class=\"elementor-widget-container\">\n\t\t\t\t\t<h1 class=\"elementor-heading-title elementor-size-xl\">Firmen, Einzelunternehmer aufgepasst!<\/h1>\t\t\t\t<\/div>\n\t\t\t\t<\/div>\n\t\t\t\t\t<\/div>\n\t\t<\/div>\n\t\t\t\t\t<\/div>\n\t\t<\/section>\n\t\t\t\t<section class=\"elementor-section elementor-top-section elementor-element elementor-element-e4a0715 elementor-section-boxed elementor-section-height-default elementor-section-height-default\" data-id=\"e4a0715\" data-element_type=\"section\" data-e-type=\"section\">\n\t\t\t\t\t\t<div class=\"elementor-container elementor-column-gap-default\">\n\t\t\t\t\t<div class=\"elementor-column elementor-col-66 elementor-top-column elementor-element elementor-element-fde485c\" data-id=\"fde485c\" data-element_type=\"column\" data-e-type=\"column\">\n\t\t\t<div class=\"elementor-widget-wrap elementor-element-populated\">\n\t\t\t\t\t\t<div class=\"elementor-element elementor-element-94c9728 elementor-widget elementor-widget-heading\" data-id=\"94c9728\" data-element_type=\"widget\" data-e-type=\"widget\" data-widget_type=\"heading.default\">\n\t\t\t\t<div class=\"elementor-widget-container\">\n\t\t\t\t\t<h2 class=\"elementor-heading-title elementor-size-large\">M\u00f6chten Sie nach \u00d6sterreich expandieren?<\/h2>\t\t\t\t<\/div>\n\t\t\t\t<\/div>\n\t\t\t\t\t<\/div>\n\t\t<\/div>\n\t\t\t\t<div class=\"elementor-column elementor-col-33 elementor-top-column elementor-element elementor-element-f1133dc\" data-id=\"f1133dc\" data-element_type=\"column\" data-e-type=\"column\">\n\t\t\t<div class=\"elementor-widget-wrap\">\n\t\t\t\t\t\t\t<\/div>\n\t\t<\/div>\n\t\t\t\t\t<\/div>\n\t\t<\/section>\n\t\t\t\t<section class=\"elementor-section elementor-top-section elementor-element elementor-element-4ce6a64 elementor-section-boxed elementor-section-height-default elementor-section-height-default\" data-id=\"4ce6a64\" data-element_type=\"section\" data-e-type=\"section\">\n\t\t\t\t\t\t<div class=\"elementor-container elementor-column-gap-default\">\n\t\t\t\t\t<div class=\"elementor-column elementor-col-100 elementor-top-column elementor-element elementor-element-732c014\" data-id=\"732c014\" data-element_type=\"column\" data-e-type=\"column\">\n\t\t\t<div class=\"elementor-widget-wrap elementor-element-populated\">\n\t\t\t\t\t\t<div class=\"elementor-element elementor-element-87480d2 elementor-widget elementor-widget-spacer\" data-id=\"87480d2\" data-element_type=\"widget\" data-e-type=\"widget\" data-widget_type=\"spacer.default\">\n\t\t\t\t<div class=\"elementor-widget-container\">\n\t\t\t\t\t\t\t<div class=\"elementor-spacer\">\n\t\t\t<div class=\"elementor-spacer-inner\"><\/div>\n\t\t<\/div>\n\t\t\t\t\t\t<\/div>\n\t\t\t\t<\/div>\n\t\t\t\t\t<\/div>\n\t\t<\/div>\n\t\t\t\t\t<\/div>\n\t\t<\/section>\n\t\t\t\t<section class=\"elementor-section elementor-top-section elementor-element elementor-element-0877072 elementor-section-boxed elementor-section-height-default elementor-section-height-default\" data-id=\"0877072\" data-element_type=\"section\" data-e-type=\"section\">\n\t\t\t\t\t\t<div class=\"elementor-container elementor-column-gap-default\">\n\t\t\t\t\t<div class=\"elementor-column elementor-col-50 elementor-top-column elementor-element elementor-element-12c00f6\" data-id=\"12c00f6\" data-element_type=\"column\" data-e-type=\"column\">\n\t\t\t<div class=\"elementor-widget-wrap elementor-element-populated\">\n\t\t\t\t\t\t<div class=\"elementor-element elementor-element-2ecfc7f elementor-widget elementor-widget-image\" data-id=\"2ecfc7f\" data-element_type=\"widget\" data-e-type=\"widget\" data-widget_type=\"image.default\">\n\t\t\t\t<div class=\"elementor-widget-container\">\n\t\t\t\t\t\t\t\t\t\t\t\t\t\t\t<img fetchpriority=\"high\" decoding=\"async\" width=\"1024\" height=\"620\" src=\"https:\/\/hk-finanz.hu\/wp-content\/uploads\/2022\/11\/8a3843a2bdb01e2679236743189d2e7393bca0e0-1024x620.jpeg\" class=\"attachment-large size-large wp-image-1095\" alt=\"\" srcset=\"https:\/\/hk-finanz.hu\/wp-content\/uploads\/2022\/11\/8a3843a2bdb01e2679236743189d2e7393bca0e0-1024x620.jpeg 1024w, https:\/\/hk-finanz.hu\/wp-content\/uploads\/2022\/11\/8a3843a2bdb01e2679236743189d2e7393bca0e0-300x182.jpeg 300w, https:\/\/hk-finanz.hu\/wp-content\/uploads\/2022\/11\/8a3843a2bdb01e2679236743189d2e7393bca0e0-768x465.jpeg 768w, https:\/\/hk-finanz.hu\/wp-content\/uploads\/2022\/11\/8a3843a2bdb01e2679236743189d2e7393bca0e0-18x12.jpeg 18w, https:\/\/hk-finanz.hu\/wp-content\/uploads\/2022\/11\/8a3843a2bdb01e2679236743189d2e7393bca0e0.jpeg 1126w\" sizes=\"(max-width: 1024px) 100vw, 1024px\" \/>\t\t\t\t\t\t\t\t\t\t\t\t\t\t\t<\/div>\n\t\t\t\t<\/div>\n\t\t\t\t\t<\/div>\n\t\t<\/div>\n\t\t\t\t<div class=\"elementor-column elementor-col-50 elementor-top-column elementor-element elementor-element-a643bd8\" data-id=\"a643bd8\" data-element_type=\"column\" data-e-type=\"column\">\n\t\t\t<div class=\"elementor-widget-wrap elementor-element-populated\">\n\t\t\t\t\t\t<div class=\"elementor-element elementor-element-704ae8a elementor-widget elementor-widget-text-editor\" data-id=\"704ae8a\" data-element_type=\"widget\" data-e-type=\"widget\" data-widget_type=\"text-editor.default\">\n\t\t\t\t<div class=\"elementor-widget-container\">\n\t\t\t\t\t\t\t\t\t<p>In der derzeitigen, durch die Inflation belasteten Wirtschaftssituation kann eine <strong>zweite Einnahmequelle n\u00fctzlich sein.<\/strong> Am Besten <strong>auch noch<\/strong> in Euro.<\/p><p>Wollen Sie ihre Produkte \/ Dienstleistungen in \u00d6sterreich oder Deutschland vertreiben, oder mit ihrer Firma expandieren? Sie wissen nicht, wie Sie die erten, und darauffolgenden Schritte setzen? Setzen Sie Ihr Vertrauen in uns!<\/p><p>Sie m\u00fcssen <strong>Ihre Vorstellungen und Ziele<\/strong> formulieren, den L\u00f6wenanteil der Organisation k\u00f6nnen Sie uns \u00fcberlassen!<\/p><p>\u00a0<\/p>\t\t\t\t\t\t\t\t<\/div>\n\t\t\t\t<\/div>\n\t\t\t\t\t<\/div>\n\t\t<\/div>\n\t\t\t\t\t<\/div>\n\t\t<\/section>\n\t\t\t\t<section class=\"elementor-section elementor-top-section elementor-element elementor-element-9cd6157 elementor-section-boxed elementor-section-height-default elementor-section-height-default\" data-id=\"9cd6157\" data-element_type=\"section\" data-e-type=\"section\">\n\t\t\t\t\t\t<div class=\"elementor-container elementor-column-gap-default\">\n\t\t\t\t\t<div class=\"elementor-column elementor-col-100 elementor-top-column elementor-element elementor-element-3befdcd\" data-id=\"3befdcd\" data-element_type=\"column\" data-e-type=\"column\">\n\t\t\t<div class=\"elementor-widget-wrap elementor-element-populated\">\n\t\t\t\t\t\t<div class=\"elementor-element elementor-element-0f69376 elementor-widget elementor-widget-spacer\" data-id=\"0f69376\" data-element_type=\"widget\" data-e-type=\"widget\" data-widget_type=\"spacer.default\">\n\t\t\t\t<div class=\"elementor-widget-container\">\n\t\t\t\t\t\t\t<div class=\"elementor-spacer\">\n\t\t\t<div class=\"elementor-spacer-inner\"><\/div>\n\t\t<\/div>\n\t\t\t\t\t\t<\/div>\n\t\t\t\t<\/div>\n\t\t\t\t<div class=\"elementor-element elementor-element-bb2dfc1 elementor-view-default elementor-widget elementor-widget-icon\" data-id=\"bb2dfc1\" data-element_type=\"widget\" data-e-type=\"widget\" data-widget_type=\"icon.default\">\n\t\t\t\t<div class=\"elementor-widget-container\">\n\t\t\t\t\t\t\t<div class=\"elementor-icon-wrapper\">\n\t\t\t<div class=\"elementor-icon\">\n\t\t\t<i aria-hidden=\"true\" class=\"fas fa-long-arrow-alt-down\"><\/i>\t\t\t<\/div>\n\t\t<\/div>\n\t\t\t\t\t\t<\/div>\n\t\t\t\t<\/div>\n\t\t\t\t<div class=\"elementor-element elementor-element-a6aab4e elementor-widget elementor-widget-spacer\" data-id=\"a6aab4e\" data-element_type=\"widget\" data-e-type=\"widget\" data-widget_type=\"spacer.default\">\n\t\t\t\t<div class=\"elementor-widget-container\">\n\t\t\t\t\t\t\t<div class=\"elementor-spacer\">\n\t\t\t<div class=\"elementor-spacer-inner\"><\/div>\n\t\t<\/div>\n\t\t\t\t\t\t<\/div>\n\t\t\t\t<\/div>\n\t\t\t\t\t<\/div>\n\t\t<\/div>\n\t\t\t\t\t<\/div>\n\t\t<\/section>\n\t\t\t\t<section class=\"elementor-section elementor-top-section elementor-element elementor-element-a30b602 elementor-section-boxed elementor-section-height-default elementor-section-height-default\" data-id=\"a30b602\" data-element_type=\"section\" data-e-type=\"section\">\n\t\t\t\t\t\t<div class=\"elementor-container elementor-column-gap-default\">\n\t\t\t\t\t<div class=\"elementor-column elementor-col-100 elementor-top-column elementor-element elementor-element-b15676c\" data-id=\"b15676c\" data-element_type=\"column\" data-e-type=\"column\">\n\t\t\t<div class=\"elementor-widget-wrap elementor-element-populated\">\n\t\t\t\t\t\t<div class=\"elementor-element elementor-element-c314505 elementor-widget elementor-widget-heading\" data-id=\"c314505\" data-element_type=\"widget\" data-e-type=\"widget\" data-widget_type=\"heading.default\">\n\t\t\t\t<div class=\"elementor-widget-container\">\n\t\t\t\t\t<h2 class=\"elementor-heading-title elementor-size-large\"><b>Sind Sie <\/b>Dienstnehmer <b>in \u00d6sterreich<\/b>?<br>Sie haben die Fachkenntnisse, aber <b>ein eigenes Unternehmen<\/b> w\u00e4re zu viel?<br>Verdienen Sie das Mehrfache Ihres bisherigen Einkommens in \u00d6sterreich im Rahmen Ihres eigenen Unternehmens!<\/h2>\t\t\t\t<\/div>\n\t\t\t\t<\/div>\n\t\t\t\t<div class=\"elementor-element elementor-element-27fc55c elementor-widget elementor-widget-spacer\" data-id=\"27fc55c\" data-element_type=\"widget\" data-e-type=\"widget\" data-widget_type=\"spacer.default\">\n\t\t\t\t<div class=\"elementor-widget-container\">\n\t\t\t\t\t\t\t<div class=\"elementor-spacer\">\n\t\t\t<div class=\"elementor-spacer-inner\"><\/div>\n\t\t<\/div>\n\t\t\t\t\t\t<\/div>\n\t\t\t\t<\/div>\n\t\t\t\t\t<\/div>\n\t\t<\/div>\n\t\t\t\t\t<\/div>\n\t\t<\/section>\n\t\t\t\t<section class=\"elementor-section elementor-top-section elementor-element elementor-element-c624d6c elementor-section-boxed elementor-section-height-default elementor-section-height-default\" data-id=\"c624d6c\" data-element_type=\"section\" data-e-type=\"section\">\n\t\t\t\t\t\t<div class=\"elementor-container elementor-column-gap-default\">\n\t\t\t\t\t<div class=\"elementor-column elementor-col-66 elementor-top-column elementor-element elementor-element-30e5f23\" data-id=\"30e5f23\" data-element_type=\"column\" data-e-type=\"column\">\n\t\t\t<div class=\"elementor-widget-wrap elementor-element-populated\">\n\t\t\t\t\t\t<div class=\"elementor-element elementor-element-953b42e elementor-widget elementor-widget-text-editor\" data-id=\"953b42e\" data-element_type=\"widget\" data-e-type=\"widget\" data-widget_type=\"text-editor.default\">\n\t\t\t\t<div class=\"elementor-widget-container\">\n\t\t\t\t\t\t\t\t\t<p>Unser Team <b>\u00fcbernimmt<\/b> gerne die gesamte Administration, <b>die ein eigenes<\/b> Unternehmen mit sich bringt. Bei Bedarf helfen wir auch gerne bei den monatlichen Dokumentationen!&nbsp;<\/p>\n<p><b>Mithilfe eines \u00f6sterreichischen Steuerberaters<\/b>und <b>Anwaltes <\/b>in unserem Team erledigen wir jede Angelegenheit innerhalb k\u00fcrzester Zeit und der gr\u00f6\u00dften Pr\u00e4zision.<\/p>\n<p>Nat\u00fcrlich k\u00f6nnen Sie auch bei sonstigen Unternehmensangelegenheiten\u00a0auf\u00a0uns\u00a0z\u00e4hlen!<\/p>\t\t\t\t\t\t\t\t<\/div>\n\t\t\t\t<\/div>\n\t\t\t\t\t<\/div>\n\t\t<\/div>\n\t\t\t\t<div class=\"elementor-column elementor-col-33 elementor-top-column elementor-element elementor-element-aa40096\" data-id=\"aa40096\" data-element_type=\"column\" data-e-type=\"column\">\n\t\t\t<div class=\"elementor-widget-wrap elementor-element-populated\">\n\t\t\t\t\t\t<div class=\"elementor-element elementor-element-6bdee5d elementor-widget elementor-widget-image\" data-id=\"6bdee5d\" data-element_type=\"widget\" data-e-type=\"widget\" data-widget_type=\"image.default\">\n\t\t\t\t<div class=\"elementor-widget-container\">\n\t\t\t\t\t\t\t\t\t\t\t\t\t\t\t<img decoding=\"async\" width=\"800\" height=\"600\" src=\"https:\/\/hk-finanz.hu\/wp-content\/uploads\/2022\/11\/fliesenlegen.jpg\" class=\"attachment-large size-large wp-image-1121\" alt=\"\" srcset=\"https:\/\/hk-finanz.hu\/wp-content\/uploads\/2022\/11\/fliesenlegen.jpg 800w, https:\/\/hk-finanz.hu\/wp-content\/uploads\/2022\/11\/fliesenlegen-300x225.jpg 300w, https:\/\/hk-finanz.hu\/wp-content\/uploads\/2022\/11\/fliesenlegen-768x576.jpg 768w, https:\/\/hk-finanz.hu\/wp-content\/uploads\/2022\/11\/fliesenlegen-16x12.jpg 16w\" sizes=\"(max-width: 800px) 100vw, 800px\" \/>\t\t\t\t\t\t\t\t\t\t\t\t\t\t\t<\/div>\n\t\t\t\t<\/div>\n\t\t\t\t\t<\/div>\n\t\t<\/div>\n\t\t\t\t\t<\/div>\n\t\t<\/section>\n\t\t\t\t<\/div>","protected":false},"excerpt":{"rendered":"<p>C\u00e9gek, egy\u00e9ni v\u00e1llalkoz\u00f3k figyelem! N\u00e9met nyelvter\u00fcleten terjeszkedne? A mai infl\u00e1ci\u00f3val terhelt gazdas\u00e1gi helyzetben j\u00f3l j\u00f6het egy m\u00e1sodik bev\u00e9teli forr\u00e1s. A legjobb az, ha az m\u00e9g Eur\u00f3ban is \u00e9rkezik. Szeretn\u00e9 term\u00e9keit \/ szolg\u00e1ltat\u00e1sait Ausztri\u00e1ban vagy N\u00e9metorsz\u00e1gban \u00e9rt\u00e9kes\u00edteni, vagy c\u00e9g\u00e9t b\u0151v\u00edten\u00e9? Nem tudja, hogy tegye meg az els\u0151, azt\u00e1n pedig a k\u00f6vetkez\u0151 l\u00e9p\u00e9seket? Forduljon hozz\u00e1nk bizalommal! \u00d6nnek &#8230; <a title=\"\" class=\"read-more\" href=\"https:\/\/hk-finanz.hu\/de\/cegeknek\/\" aria-label=\"Read more about \">Read more<\/a><\/p>","protected":false},"author":1,"featured_media":0,"parent":0,"menu_order":0,"comment_status":"closed","ping_status":"closed","template":"","meta":{"_seopress_robots_primary_cat":"","_seopress_titles_title":"","_seopress_titles_desc":"","_seopress_robots_index":"","footnotes":""},"class_list":["post-858","page","type-page","status-publish"],"_links":{"self":[{"href":"https:\/\/hk-finanz.hu\/de\/wp-json\/wp\/v2\/pages\/858","targetHints":{"allow":["GET"]}}],"collection":[{"href":"https:\/\/hk-finanz.hu\/de\/wp-json\/wp\/v2\/pages"}],"about":[{"href":"https:\/\/hk-finanz.hu\/de\/wp-json\/wp\/v2\/types\/page"}],"author":[{"embeddable":true,"href":"https:\/\/hk-finanz.hu\/de\/wp-json\/wp\/v2\/users\/1"}],"replies":[{"embeddable":true,"href":"https:\/\/hk-finanz.hu\/de\/wp-json\/wp\/v2\/comments?post=858"}],"version-history":[{"count":56,"href":"https:\/\/hk-finanz.hu\/de\/wp-json\/wp\/v2\/pages\/858\/revisions"}],"predecessor-version":[{"id":1185,"href":"https:\/\/hk-finanz.hu\/de\/wp-json\/wp\/v2\/pages\/858\/revisions\/1185"}],"wp:attachment":[{"href":"https:\/\/hk-finanz.hu\/de\/wp-json\/wp\/v2\/media?parent=858"}],"curies":[{"name":"wp","href":"https:\/\/api.w.org\/{rel}","templated":true}]}}