{"id":851,"date":"2022-10-16T22:34:59","date_gmt":"2022-10-16T22:34:59","guid":{"rendered":"https:\/\/hk-finanz.hu\/?page_id=851"},"modified":"2022-11-01T22:35:16","modified_gmt":"2022-11-01T22:35:16","slug":"osztrak-penzugyek","status":"publish","type":"page","link":"https:\/\/hk-finanz.hu\/de\/osztrak-penzugyek\/","title":{"rendered":""},"content":{"rendered":"<div data-elementor-type=\"wp-page\" data-elementor-id=\"851\" class=\"elementor elementor-851\" data-elementor-post-type=\"page\">\n\t\t\t\t\t\t<section class=\"elementor-section elementor-top-section elementor-element elementor-element-ee2d6ac elementor-section-boxed elementor-section-height-default elementor-section-height-default\" data-id=\"ee2d6ac\" data-element_type=\"section\" data-e-type=\"section\">\n\t\t\t\t\t\t<div class=\"elementor-container elementor-column-gap-default\">\n\t\t\t\t\t<div class=\"elementor-column elementor-col-66 elementor-top-column elementor-element elementor-element-03bfaa8\" data-id=\"03bfaa8\" data-element_type=\"column\" data-e-type=\"column\">\n\t\t\t<div class=\"elementor-widget-wrap elementor-element-populated\">\n\t\t\t\t\t\t<div class=\"elementor-element elementor-element-6b8b302 elementor-widget elementor-widget-heading\" data-id=\"6b8b302\" data-element_type=\"widget\" data-e-type=\"widget\" data-widget_type=\"heading.default\">\n\t\t\t\t<div class=\"elementor-widget-container\">\n\t\t\t\t\t<h1 class=\"elementor-heading-title elementor-size-xl\">Finanzen<\/h1>\t\t\t\t<\/div>\n\t\t\t\t<\/div>\n\t\t\t\t<div class=\"elementor-element elementor-element-53d4be3 elementor-widget elementor-widget-heading\" data-id=\"53d4be3\" data-element_type=\"widget\" data-e-type=\"widget\" data-widget_type=\"heading.default\">\n\t\t\t\t<div class=\"elementor-widget-container\">\n\t\t\t\t\t<h2 class=\"elementor-heading-title elementor-size-large\">Mit ungarischer Adresse ein Konto in \u00d6sterreich er\u00f6ffnen?<\/h2>\t\t\t\t<\/div>\n\t\t\t\t<\/div>\n\t\t\t\t<div class=\"elementor-element elementor-element-e739842 elementor-widget elementor-widget-spacer\" data-id=\"e739842\" data-element_type=\"widget\" data-e-type=\"widget\" data-widget_type=\"spacer.default\">\n\t\t\t\t<div class=\"elementor-widget-container\">\n\t\t\t\t\t\t\t<div class=\"elementor-spacer\">\n\t\t\t<div class=\"elementor-spacer-inner\"><\/div>\n\t\t<\/div>\n\t\t\t\t\t\t<\/div>\n\t\t\t\t<\/div>\n\t\t\t\t<div class=\"elementor-element elementor-element-3f037ae elementor-widget elementor-widget-toggle\" data-id=\"3f037ae\" data-element_type=\"widget\" data-e-type=\"widget\" data-widget_type=\"toggle.default\">\n\t\t\t\t<div class=\"elementor-widget-container\">\n\t\t\t\t\t\t\t<div class=\"elementor-toggle\">\n\t\t\t\t\t\t\t<div class=\"elementor-toggle-item\">\n\t\t\t\t\t<div id=\"elementor-tab-title-6601\" class=\"elementor-tab-title\" data-tab=\"1\" role=\"button\" aria-controls=\"elementor-tab-content-6601\" aria-expanded=\"false\">\n\t\t\t\t\t\t\t\t\t\t\t\t<span class=\"elementor-toggle-icon elementor-toggle-icon-left\" aria-hidden=\"true\">\n\t\t\t\t\t\t\t\t\t\t\t\t\t\t\t<span class=\"elementor-toggle-icon-closed\"><i class=\"fas fa-caret-right\"><\/i><\/span>\n\t\t\t\t\t\t\t\t<span class=\"elementor-toggle-icon-opened\"><i class=\"elementor-toggle-icon-opened fas fa-caret-up\"><\/i><\/span>\n\t\t\t\t\t\t\t\t\t\t\t\t\t<\/span>\n\t\t\t\t\t\t\t\t\t\t\t\t<a class=\"elementor-toggle-title\" tabindex=\"0\">EUR  oder HUF<\/a>\n\t\t\t\t\t<\/div>\n\n\t\t\t\t\t<div id=\"elementor-tab-content-6601\" class=\"elementor-tab-content elementor-clearfix\" data-tab=\"1\" role=\"region\" aria-labelledby=\"elementor-tab-title-6601\"><ul><li>In welcher W\u00e4hrung sollte man veranlagen?<\/li><li>Gibt es wirklich eine Kapitalgarantie?<\/li><li>Welche Art von Konten gibt es?<\/li><\/ul><\/div>\n\t\t\t\t<\/div>\n\t\t\t\t\t\t\t<div class=\"elementor-toggle-item\">\n\t\t\t\t\t<div id=\"elementor-tab-title-6602\" class=\"elementor-tab-title\" data-tab=\"2\" role=\"button\" aria-controls=\"elementor-tab-content-6602\" aria-expanded=\"false\">\n\t\t\t\t\t\t\t\t\t\t\t\t<span class=\"elementor-toggle-icon elementor-toggle-icon-left\" aria-hidden=\"true\">\n\t\t\t\t\t\t\t\t\t\t\t\t\t\t\t<span class=\"elementor-toggle-icon-closed\"><i class=\"fas fa-caret-right\"><\/i><\/span>\n\t\t\t\t\t\t\t\t<span class=\"elementor-toggle-icon-opened\"><i class=\"elementor-toggle-icon-opened fas fa-caret-up\"><\/i><\/span>\n\t\t\t\t\t\t\t\t\t\t\t\t\t<\/span>\n\t\t\t\t\t\t\t\t\t\t\t\t<a class=\"elementor-toggle-title\" tabindex=\"0\">Geld in EUR Veranlagen + Versicherungen<\/a>\n\t\t\t\t\t<\/div>\n\n\t\t\t\t\t<div id=\"elementor-tab-content-6602\" class=\"elementor-tab-content elementor-clearfix\" data-tab=\"2\" role=\"region\" aria-labelledby=\"elementor-tab-title-6602\"><ul><li>Welche Art von Veranlagung gibt es?<\/li><li>Alles \u00fcber die Einlagensicherung!<\/li><li>Ich habe bereits eine Versicherung, wann zahlt die?<\/li><li>Unterschiede zwischen Unfallversicherungen.<\/li><li>Ich habe einen Unfall gehabt, wie muss ich vorgehen?<\/li><\/ul><\/div>\n\t\t\t\t<\/div>\n\t\t\t\t\t\t\t<div class=\"elementor-toggle-item\">\n\t\t\t\t\t<div id=\"elementor-tab-title-6603\" class=\"elementor-tab-title\" data-tab=\"3\" role=\"button\" aria-controls=\"elementor-tab-content-6603\" aria-expanded=\"false\">\n\t\t\t\t\t\t\t\t\t\t\t\t<span class=\"elementor-toggle-icon elementor-toggle-icon-left\" aria-hidden=\"true\">\n\t\t\t\t\t\t\t\t\t\t\t\t\t\t\t<span class=\"elementor-toggle-icon-closed\"><i class=\"fas fa-caret-right\"><\/i><\/span>\n\t\t\t\t\t\t\t\t<span class=\"elementor-toggle-icon-opened\"><i class=\"elementor-toggle-icon-opened fas fa-caret-up\"><\/i><\/span>\n\t\t\t\t\t\t\t\t\t\t\t\t\t<\/span>\n\t\t\t\t\t\t\t\t\t\t\t\t<a class=\"elementor-toggle-title\" tabindex=\"0\">EUR Kredit<\/a>\n\t\t\t\t\t<\/div>\n\n\t\t\t\t\t<div id=\"elementor-tab-content-6603\" class=\"elementor-tab-content elementor-clearfix\" data-tab=\"3\" role=\"region\" aria-labelledby=\"elementor-tab-title-6603\"><ul><li>Unterschiede bei der Verzinsung.<\/li><li>BUBOR oder EURIBOR<\/li><li>Die richtige Laufzeit.<\/li><li>Fixe oder variable Zinsen?<\/li><li>Wo kann ich in \u00d6sterreich Kredit aufnehmen?<\/li><li>Verschiedene Banken, verschiedene Kreditrichtlinien.<\/li><\/ul><\/div>\n\t\t\t\t<\/div>\n\t\t\t\t\t\t\t\t<\/div>\n\t\t\t\t\t\t<\/div>\n\t\t\t\t<\/div>\n\t\t\t\t\t<\/div>\n\t\t<\/div>\n\t\t\t\t<div class=\"elementor-column elementor-col-33 elementor-top-column elementor-element elementor-element-cc372ce\" data-id=\"cc372ce\" data-element_type=\"column\" data-e-type=\"column\">\n\t\t\t<div class=\"elementor-widget-wrap elementor-element-populated\">\n\t\t\t\t\t\t<div class=\"elementor-element elementor-element-1601875 elementor-widget elementor-widget-image\" data-id=\"1601875\" data-element_type=\"widget\" data-e-type=\"widget\" data-widget_type=\"image.default\">\n\t\t\t\t<div class=\"elementor-widget-container\">\n\t\t\t\t\t\t\t\t\t\t\t\t\t\t\t<img fetchpriority=\"high\" decoding=\"async\" width=\"1024\" height=\"576\" src=\"https:\/\/hk-finanz.hu\/wp-content\/uploads\/2022\/10\/hufvseur-1024x576.jpeg\" class=\"attachment-large size-large wp-image-918\" alt=\"\" srcset=\"https:\/\/hk-finanz.hu\/wp-content\/uploads\/2022\/10\/hufvseur-1024x576.jpeg 1024w, https:\/\/hk-finanz.hu\/wp-content\/uploads\/2022\/10\/hufvseur-300x169.jpeg 300w, https:\/\/hk-finanz.hu\/wp-content\/uploads\/2022\/10\/hufvseur-768x432.jpeg 768w, https:\/\/hk-finanz.hu\/wp-content\/uploads\/2022\/10\/hufvseur.jpeg 1108w\" sizes=\"(max-width: 1024px) 100vw, 1024px\" \/>\t\t\t\t\t\t\t\t\t\t\t\t\t\t\t<\/div>\n\t\t\t\t<\/div>\n\t\t\t\t<div class=\"elementor-element elementor-element-9039334 elementor-widget elementor-widget-image\" data-id=\"9039334\" data-element_type=\"widget\" data-e-type=\"widget\" data-widget_type=\"image.default\">\n\t\t\t\t<div class=\"elementor-widget-container\">\n\t\t\t\t\t\t\t\t\t\t\t\t\t\t\t<img decoding=\"async\" width=\"1024\" height=\"317\" src=\"https:\/\/hk-finanz.hu\/wp-content\/uploads\/2022\/10\/hufeurarfolyam-1024x317.png\" class=\"attachment-large size-large wp-image-920\" alt=\"\" srcset=\"https:\/\/hk-finanz.hu\/wp-content\/uploads\/2022\/10\/hufeurarfolyam-1024x317.png 1024w, https:\/\/hk-finanz.hu\/wp-content\/uploads\/2022\/10\/hufeurarfolyam-300x93.png 300w, https:\/\/hk-finanz.hu\/wp-content\/uploads\/2022\/10\/hufeurarfolyam-768x238.png 768w, https:\/\/hk-finanz.hu\/wp-content\/uploads\/2022\/10\/hufeurarfolyam-1536x476.png 1536w, https:\/\/hk-finanz.hu\/wp-content\/uploads\/2022\/10\/hufeurarfolyam.png 1938w\" sizes=\"(max-width: 1024px) 100vw, 1024px\" \/>\t\t\t\t\t\t\t\t\t\t\t\t\t\t\t<\/div>\n\t\t\t\t<\/div>\n\t\t\t\t\t<\/div>\n\t\t<\/div>\n\t\t\t\t\t<\/div>\n\t\t<\/section>\n\t\t\t\t<section class=\"elementor-section elementor-top-section elementor-element elementor-element-2de01df elementor-section-boxed elementor-section-height-default elementor-section-height-default\" data-id=\"2de01df\" data-element_type=\"section\" data-e-type=\"section\">\n\t\t\t\t\t\t<div class=\"elementor-container elementor-column-gap-default\">\n\t\t\t\t\t<div class=\"elementor-column elementor-col-100 elementor-top-column elementor-element elementor-element-6436a65\" data-id=\"6436a65\" data-element_type=\"column\" data-e-type=\"column\">\n\t\t\t<div class=\"elementor-widget-wrap elementor-element-populated\">\n\t\t\t\t\t\t<div class=\"elementor-element elementor-element-fa2f13b elementor-widget elementor-widget-text-editor\" data-id=\"fa2f13b\" data-element_type=\"widget\" data-e-type=\"widget\" data-widget_type=\"text-editor.default\">\n\t\t\t\t<div class=\"elementor-widget-container\">\n\t\t\t\t\t\t\t\t\t<p>Bez\u00fcglich der oben genannten Themen k\u00f6nnen wir allgemeine Informationen geben!<\/p>\t\t\t\t\t\t\t\t<\/div>\n\t\t\t\t<\/div>\n\t\t\t\t\t<\/div>\n\t\t<\/div>\n\t\t\t\t\t<\/div>\n\t\t<\/section>\n\t\t\t\t<\/div>","protected":false},"excerpt":{"rendered":"<p>Osztr\u00e1k P\u00e9nz\u00fcgyek Magyar lakc\u00edmmel Ausztri\u00e1ban sz\u00e1ml\u00e1t nyitni? EUR vagy HUF (klikk ide) Milyen p\u00e9nznemben \u00e9rdemes megtakar\u00edtani \u00e9s mi\u00e9rt? Az \u201cval\u00f3di\u201d kamat! Mennyire garant\u00e1lt a \u201cgarant\u00e1lt\u201d lek\u00f6t\u00e9s? Milyen t\u00edpus\u00fa sz\u00e1ml\u00e1t tudok Ausztri\u00e1ban nyitni? EUR alap\u00fa megtakar\u00edt\u00e1sok, biztos\u00edt\u00e1sok (klikk ide) Megtakar\u00edt\u00e1si form\u00e1k, amelyek el\u00e9rhet\u0151k! Mire \u00e9rv\u00e9nyes a bet\u00e9tbiztos\u00edt\u00e1s? M\u00e1r megl\u00e9v\u0151 biztos\u00edt\u00e1som van, de mit tartalmaz? Mi a &#8230; <a title=\"\" class=\"read-more\" href=\"https:\/\/hk-finanz.hu\/de\/osztrak-penzugyek\/\" aria-label=\"Read more about \">Read more<\/a><\/p>","protected":false},"author":1,"featured_media":0,"parent":0,"menu_order":0,"comment_status":"closed","ping_status":"closed","template":"","meta":{"_seopress_robots_primary_cat":"","_seopress_titles_title":"","_seopress_titles_desc":"","_seopress_robots_index":"","footnotes":""},"class_list":["post-851","page","type-page","status-publish"],"_links":{"self":[{"href":"https:\/\/hk-finanz.hu\/de\/wp-json\/wp\/v2\/pages\/851","targetHints":{"allow":["GET"]}}],"collection":[{"href":"https:\/\/hk-finanz.hu\/de\/wp-json\/wp\/v2\/pages"}],"about":[{"href":"https:\/\/hk-finanz.hu\/de\/wp-json\/wp\/v2\/types\/page"}],"author":[{"embeddable":true,"href":"https:\/\/hk-finanz.hu\/de\/wp-json\/wp\/v2\/users\/1"}],"replies":[{"embeddable":true,"href":"https:\/\/hk-finanz.hu\/de\/wp-json\/wp\/v2\/comments?post=851"}],"version-history":[{"count":104,"href":"https:\/\/hk-finanz.hu\/de\/wp-json\/wp\/v2\/pages\/851\/revisions"}],"predecessor-version":[{"id":1170,"href":"https:\/\/hk-finanz.hu\/de\/wp-json\/wp\/v2\/pages\/851\/revisions\/1170"}],"wp:attachment":[{"href":"https:\/\/hk-finanz.hu\/de\/wp-json\/wp\/v2\/media?parent=851"}],"curies":[{"name":"wp","href":"https:\/\/api.w.org\/{rel}","templated":true}]}}