{"id":551,"date":"2022-10-14T08:52:23","date_gmt":"2022-10-14T08:52:23","guid":{"rendered":"https:\/\/hk-finanz.hu\/?page_id=551"},"modified":"2022-11-01T22:38:22","modified_gmt":"2022-11-01T22:38:22","slug":"osztrak-ugyek","status":"publish","type":"page","link":"https:\/\/hk-finanz.hu\/de\/osztrak-ugyek\/","title":{"rendered":""},"content":{"rendered":"<div data-elementor-type=\"wp-page\" data-elementor-id=\"551\" class=\"elementor elementor-551\" data-elementor-post-type=\"page\">\n\t\t\t\t\t\t<section class=\"elementor-section elementor-top-section elementor-element elementor-element-b7f5e32 elementor-section-boxed elementor-section-height-default elementor-section-height-default\" data-id=\"b7f5e32\" data-element_type=\"section\" data-e-type=\"section\">\n\t\t\t\t\t\t<div class=\"elementor-container elementor-column-gap-default\">\n\t\t\t\t\t<div class=\"elementor-column elementor-col-66 elementor-top-column elementor-element elementor-element-708ecd9\" data-id=\"708ecd9\" data-element_type=\"column\" data-e-type=\"column\">\n\t\t\t<div class=\"elementor-widget-wrap elementor-element-populated\">\n\t\t\t\t\t\t<div class=\"elementor-element elementor-element-dbb8768 elementor-widget elementor-widget-heading\" data-id=\"dbb8768\" data-element_type=\"widget\" data-e-type=\"widget\" data-widget_type=\"heading.default\">\n\t\t\t\t<div class=\"elementor-widget-container\">\n\t\t\t\t\t<h2 class=\"elementor-heading-title elementor-size-xl\">Arbeiten in \u00d6sterreich<\/h2>\t\t\t\t<\/div>\n\t\t\t\t<\/div>\n\t\t\t\t<div class=\"elementor-element elementor-element-6712c0a elementor-widget elementor-widget-heading\" data-id=\"6712c0a\" data-element_type=\"widget\" data-e-type=\"widget\" data-widget_type=\"heading.default\">\n\t\t\t\t<div class=\"elementor-widget-container\">\n\t\t\t\t\t<h1 class=\"elementor-heading-title elementor-size-large\">In folgenden Angelegenheiten sind wir f\u00fcr Sie da:<\/h1>\t\t\t\t<\/div>\n\t\t\t\t<\/div>\n\t\t\t\t<div class=\"elementor-element elementor-element-d597f41 elementor-widget elementor-widget-spacer\" data-id=\"d597f41\" data-element_type=\"widget\" data-e-type=\"widget\" data-widget_type=\"spacer.default\">\n\t\t\t\t<div class=\"elementor-widget-container\">\n\t\t\t\t\t\t\t<div class=\"elementor-spacer\">\n\t\t\t<div class=\"elementor-spacer-inner\"><\/div>\n\t\t<\/div>\n\t\t\t\t\t\t<\/div>\n\t\t\t\t<\/div>\n\t\t\t\t<div class=\"elementor-element elementor-element-738f19b elementor-widget elementor-widget-toggle\" data-id=\"738f19b\" data-element_type=\"widget\" data-e-type=\"widget\" data-widget_type=\"toggle.default\">\n\t\t\t\t<div class=\"elementor-widget-container\">\n\t\t\t\t\t\t\t<div class=\"elementor-toggle\">\n\t\t\t\t\t\t\t<div class=\"elementor-toggle-item\">\n\t\t\t\t\t<div id=\"elementor-tab-title-1211\" class=\"elementor-tab-title\" data-tab=\"1\" role=\"button\" aria-controls=\"elementor-tab-content-1211\" aria-expanded=\"false\">\n\t\t\t\t\t\t\t\t\t\t\t\t<span class=\"elementor-toggle-icon elementor-toggle-icon-left\" aria-hidden=\"true\">\n\t\t\t\t\t\t\t\t\t\t\t\t\t\t\t<span class=\"elementor-toggle-icon-closed\"><i class=\"fas fa-caret-right\"><\/i><\/span>\n\t\t\t\t\t\t\t\t<span class=\"elementor-toggle-icon-opened\"><i class=\"elementor-toggle-icon-opened fas fa-caret-up\"><\/i><\/span>\n\t\t\t\t\t\t\t\t\t\t\t\t\t<\/span>\n\t\t\t\t\t\t\t\t\t\t\t\t<a class=\"elementor-toggle-title\" tabindex=\"0\">Ich werde in \u00d6sterreich arbeiten (Klick)<\/a>\n\t\t\t\t\t<\/div>\n\n\t\t\t\t\t<div id=\"elementor-tab-content-1211\" class=\"elementor-tab-content elementor-clearfix\" data-tab=\"1\" role=\"region\" aria-labelledby=\"elementor-tab-title-1211\"><ul><li>Wie finde ich eine zuverl\u00e4ssige Firma in \u00d6sterreich?<\/li><li>\u00d6sterreiche Arbeitsplatz, ungarische Sozialversicherung?<\/li><li>Wie bekomme ich meine E-Card?<\/li><li>R\u00fcckseite der E-Card mit Ablaufdatum?<\/li><li>Hast du schon dein Passfoto bei der Polizei abgegeben?<\/li><li>Arbeitsunfall, Freizeitunfall, Krankheit? Es ist nicht egal!<\/li><li>Welches Gehaltskonto werden von \u00f6sterreichischen Firmen akzeptiert?<\/li><\/ul><\/div>\n\t\t\t\t<\/div>\n\t\t\t\t\t\t\t<div class=\"elementor-toggle-item\">\n\t\t\t\t\t<div id=\"elementor-tab-title-1212\" class=\"elementor-tab-title\" data-tab=\"2\" role=\"button\" aria-controls=\"elementor-tab-content-1212\" aria-expanded=\"false\">\n\t\t\t\t\t\t\t\t\t\t\t\t<span class=\"elementor-toggle-icon elementor-toggle-icon-left\" aria-hidden=\"true\">\n\t\t\t\t\t\t\t\t\t\t\t\t\t\t\t<span class=\"elementor-toggle-icon-closed\"><i class=\"fas fa-caret-right\"><\/i><\/span>\n\t\t\t\t\t\t\t\t<span class=\"elementor-toggle-icon-opened\"><i class=\"elementor-toggle-icon-opened fas fa-caret-up\"><\/i><\/span>\n\t\t\t\t\t\t\t\t\t\t\t\t\t<\/span>\n\t\t\t\t\t\t\t\t\t\t\t\t<a class=\"elementor-toggle-title\" tabindex=\"0\">Ich arbeite bereits in \u00d6sterreich (Klick)<\/a>\n\t\t\t\t\t<\/div>\n\n\t\t\t\t\t<div id=\"elementor-tab-content-1212\" class=\"elementor-tab-content elementor-clearfix\" data-tab=\"2\" role=\"region\" aria-labelledby=\"elementor-tab-title-1212\"><ul>\n<li>Alles rund um den Dienstvertrag.<\/li>\n<li>Sind Gehaltseinstufung, Lohnzettel, Urlaubstage in Ordnung?<\/li>\n<li>Bin ich wirklich bei der Firma angemeldet?<\/li>\n<li>Was bedeutet Vorsorgekasse, BUAK, AUVA?<\/li>\n<li>Steuererkl\u00e4rung, Pendlerpauschale.<\/li><li>Familienbeihilfe.<\/li>\n<\/ul><\/div>\n\t\t\t\t<\/div>\n\t\t\t\t\t\t\t<div class=\"elementor-toggle-item\">\n\t\t\t\t\t<div id=\"elementor-tab-title-1213\" class=\"elementor-tab-title\" data-tab=\"3\" role=\"button\" aria-controls=\"elementor-tab-content-1213\" aria-expanded=\"false\">\n\t\t\t\t\t\t\t\t\t\t\t\t<span class=\"elementor-toggle-icon elementor-toggle-icon-left\" aria-hidden=\"true\">\n\t\t\t\t\t\t\t\t\t\t\t\t\t\t\t<span class=\"elementor-toggle-icon-closed\"><i class=\"fas fa-caret-right\"><\/i><\/span>\n\t\t\t\t\t\t\t\t<span class=\"elementor-toggle-icon-opened\"><i class=\"elementor-toggle-icon-opened fas fa-caret-up\"><\/i><\/span>\n\t\t\t\t\t\t\t\t\t\t\t\t\t<\/span>\n\t\t\t\t\t\t\t\t\t\t\t\t<a class=\"elementor-toggle-title\" tabindex=\"0\">Ich habe einen Brief bekommen (Klick)<\/a>\n\t\t\t\t\t<\/div>\n\n\t\t\t\t\t<div id=\"elementor-tab-content-1213\" class=\"elementor-tab-content elementor-clearfix\" data-tab=\"3\" role=\"region\" aria-labelledby=\"elementor-tab-title-1213\"><ul><li>Finanzamt<\/li><li>BUAK<\/li><li>Bank<\/li><li>Versicherungsgesellschaft<\/li><li>Polizei<\/li><li>AUVA<\/li><li>Vorsorgekasse<\/li><li>PVA<\/li><\/ul><\/div>\n\t\t\t\t<\/div>\n\t\t\t\t\t\t\t<div class=\"elementor-toggle-item\">\n\t\t\t\t\t<div id=\"elementor-tab-title-1214\" class=\"elementor-tab-title\" data-tab=\"4\" role=\"button\" aria-controls=\"elementor-tab-content-1214\" aria-expanded=\"false\">\n\t\t\t\t\t\t\t\t\t\t\t\t<span class=\"elementor-toggle-icon elementor-toggle-icon-left\" aria-hidden=\"true\">\n\t\t\t\t\t\t\t\t\t\t\t\t\t\t\t<span class=\"elementor-toggle-icon-closed\"><i class=\"fas fa-caret-right\"><\/i><\/span>\n\t\t\t\t\t\t\t\t<span class=\"elementor-toggle-icon-opened\"><i class=\"elementor-toggle-icon-opened fas fa-caret-up\"><\/i><\/span>\n\t\t\t\t\t\t\t\t\t\t\t\t\t<\/span>\n\t\t\t\t\t\t\t\t\t\t\t\t<a class=\"elementor-toggle-title\" tabindex=\"0\">Ich arbeite nicht mehr in \u00d6sterreich (Klick)<\/a>\n\t\t\t\t\t<\/div>\n\n\t\t\t\t\t<div id=\"elementor-tab-content-1214\" class=\"elementor-tab-content elementor-clearfix\" data-tab=\"4\" role=\"region\" aria-labelledby=\"elementor-tab-title-1214\"><ul><li><b>Ich bin ein Saisonarbeiter <\/b>und bin jetzt abgemeldet. Was muss ich in diesem Fall bei der AMS in Ungarn tun? (U1)<\/li><li>Welche Unterlagen brauche ich zu dem Stempelgeld?<\/li><li>Ungarische E-Card, \u00f6sterreichische E-Card?<\/li><li>Sch\u00f6n langsam gehe ich in <b>Pension.<\/b>Wie kann ich den Antrag bei der PVA erledigen?<\/li><li>Ungarische PVA, \u00f6sterreichische PVA, Bankbest\u00e4tigung zu der Pension.<\/li><\/ul><p>\u00a0<\/p><\/div>\n\t\t\t\t<\/div>\n\t\t\t\t\t\t\t\t<\/div>\n\t\t\t\t\t\t<\/div>\n\t\t\t\t<\/div>\n\t\t\t\t<div class=\"elementor-element elementor-element-601700c elementor-widget elementor-widget-text-editor\" data-id=\"601700c\" data-element_type=\"widget\" data-e-type=\"widget\" data-widget_type=\"text-editor.default\">\n\t\t\t\t<div class=\"elementor-widget-container\">\n\t\t\t\t\t\t\t\t\t<p><span style=\"color: var(--contrast);\">Bei allen b\u00fcrokratischen Angelegenheiten, helfen wir Ihnen gerne!<\/span><\/p>\t\t\t\t\t\t\t\t<\/div>\n\t\t\t\t<\/div>\n\t\t\t\t\t<\/div>\n\t\t<\/div>\n\t\t\t\t<div class=\"elementor-column elementor-col-33 elementor-top-column elementor-element elementor-element-8caf0b8\" data-id=\"8caf0b8\" data-element_type=\"column\" data-e-type=\"column\">\n\t\t\t<div class=\"elementor-widget-wrap elementor-element-populated\">\n\t\t\t\t\t\t<div class=\"elementor-element elementor-element-e2c93af elementor-widget elementor-widget-image\" data-id=\"e2c93af\" data-element_type=\"widget\" data-e-type=\"widget\" data-widget_type=\"image.default\">\n\t\t\t\t<div class=\"elementor-widget-container\">\n\t\t\t\t\t\t\t\t\t\t\t\t\t\t\t<img fetchpriority=\"high\" decoding=\"async\" width=\"500\" height=\"500\" src=\"https:\/\/hk-finanz.hu\/wp-content\/uploads\/2022\/10\/ecard.jpg\" class=\"attachment-large size-large wp-image-765\" alt=\"\" srcset=\"https:\/\/hk-finanz.hu\/wp-content\/uploads\/2022\/10\/ecard.jpg 500w, https:\/\/hk-finanz.hu\/wp-content\/uploads\/2022\/10\/ecard-300x300.jpg 300w, https:\/\/hk-finanz.hu\/wp-content\/uploads\/2022\/10\/ecard-150x150.jpg 150w\" sizes=\"(max-width: 500px) 100vw, 500px\" \/>\t\t\t\t\t\t\t\t\t\t\t\t\t\t\t<\/div>\n\t\t\t\t<\/div>\n\t\t\t\t\t<\/div>\n\t\t<\/div>\n\t\t\t\t\t<\/div>\n\t\t<\/section>\n\t\t\t\t<\/div>","protected":false},"excerpt":{"rendered":"<p>Osztr\u00e1k Munka\u00fcgyek A k\u00f6vetkez\u0151 \u00fcgyekben nyugodtan r\u00e1nk b\u00edzhatja mag\u00e1t: Ausztri\u00e1ban fogok dolgozni (klikk ide) Hogy tal\u00e1lok munk\u00e1t Ausztri\u00e1ban, kik a megb\u00edzhat\u00f3 c\u00e9gek? Ausztriai munkahely, magyar betegbiztos\u00edt\u00e1s? Hogy juthatok osztr\u00e1k tb k\u00e1rty\u00e1hoz? (e-card) Mit kell tudni az eur\u00f3pai tb k\u00e1rty\u00e1r\u00f3l? (e-card h\u00e1toldala) Van m\u00e1r fot\u00f3d az ausztriai rend\u0151rs\u00e9g rendszer\u00e9ben? Munkahelyi baleset, szabadid\u0151s baleset, betegs\u00e9g? Nagyon nem &#8230; <a title=\"\" class=\"read-more\" href=\"https:\/\/hk-finanz.hu\/de\/osztrak-ugyek\/\" aria-label=\"Read more about \">Read more<\/a><\/p>","protected":false},"author":1,"featured_media":0,"parent":0,"menu_order":0,"comment_status":"closed","ping_status":"closed","template":"","meta":{"_seopress_robots_primary_cat":"","_seopress_titles_title":"","_seopress_titles_desc":"","_seopress_robots_index":"","footnotes":""},"class_list":["post-551","page","type-page","status-publish"],"_links":{"self":[{"href":"https:\/\/hk-finanz.hu\/de\/wp-json\/wp\/v2\/pages\/551","targetHints":{"allow":["GET"]}}],"collection":[{"href":"https:\/\/hk-finanz.hu\/de\/wp-json\/wp\/v2\/pages"}],"about":[{"href":"https:\/\/hk-finanz.hu\/de\/wp-json\/wp\/v2\/types\/page"}],"author":[{"embeddable":true,"href":"https:\/\/hk-finanz.hu\/de\/wp-json\/wp\/v2\/users\/1"}],"replies":[{"embeddable":true,"href":"https:\/\/hk-finanz.hu\/de\/wp-json\/wp\/v2\/comments?post=551"}],"version-history":[{"count":156,"href":"https:\/\/hk-finanz.hu\/de\/wp-json\/wp\/v2\/pages\/551\/revisions"}],"predecessor-version":[{"id":1182,"href":"https:\/\/hk-finanz.hu\/de\/wp-json\/wp\/v2\/pages\/551\/revisions\/1182"}],"wp:attachment":[{"href":"https:\/\/hk-finanz.hu\/de\/wp-json\/wp\/v2\/media?parent=551"}],"curies":[{"name":"wp","href":"https:\/\/api.w.org\/{rel}","templated":true}]}}